{"id":767,"date":"2022-05-08T22:21:34","date_gmt":"2022-05-08T22:21:34","guid":{"rendered":"https:\/\/checkthegate.cl\/?page_id=767"},"modified":"2025-05-06T14:32:34","modified_gmt":"2025-05-06T14:32:34","slug":"colibri-wp","status":"publish","type":"page","link":"https:\/\/checkthegate.cl\/","title":{"rendered":"Producci\u00f3n Audiovisual"},"content":{"rendered":"<div data-colibri-id=\"767-c1\" class=\"style-201 style-local-767-c1 position-relative\">\n  <!---->\n  <div data-colibri-component=\"section\" data-colibri-id=\"767-c2\" id=\"custom\" class=\"h-section h-section-global-spacing d-flex align-items-lg-center align-items-md-center align-items-center style-202 style-local-767-c2 position-relative\">\n    <!---->\n    <!---->\n    <div class=\"h-section-grid-container h-section-boxed-container\">\n      <!---->\n      <div data-colibri-id=\"767-c3\" class=\"h-row-container gutters-row-lg-2 gutters-row-md-2 gutters-row-0 gutters-row-v-lg-2 gutters-row-v-md-2 gutters-row-v-2 style-205 style-local-767-c3 position-relative\">\n        <!---->\n        <div class=\"h-row justify-content-lg-center justify-content-md-center justify-content-center align-items-lg-stretch align-items-md-stretch align-items-stretch gutters-col-lg-2 gutters-col-md-2 gutters-col-0 gutters-col-v-lg-2 gutters-col-v-md-2 gutters-col-v-2\">\n          <!---->\n          <div class=\"h-column h-column-container d-flex h-col-lg-auto h-col-md-auto h-col-auto style-206-outer style-local-767-c4-outer\">\n            <div data-colibri-id=\"767-c4\" class=\"d-flex h-flex-basis h-column__inner h-px-lg-2 h-px-md-2 h-px-2 v-inner-lg-2 v-inner-md-2 v-inner-2 style-206 style-local-767-c4 position-relative\">\n              <!---->\n              <!---->\n              <div class=\"w-100 h-y-container h-column__content h-column__v-align flex-basis-100 align-self-lg-start align-self-md-start align-self-start\">\n                <!---->\n                <div data-colibri-component=\"video\" data-colibri-id=\"767-c5\" class=\"d-block h-video d-block h-video style-251 style-local-767-c5 position-relative h-element\">\n                  <!---->\n                  <!---->\n                  <div class=\"video-container position-relative\">\n                    <div class=\"h-global-transition-all ratio-inner\"><iframe src=https:\/\/www.youtube.com\/embed\/YJShbLEDicg?autoplay=1&#038;mute=1&#038;playlist=YJShbLEDicg&#038;loop=1&#038;controls=0&#038;modestbranding=0&#038;rel=0&#038;enablejsapi=1&#038; class='h-video-main'allow=\"autoplay\"  allowfullscreen><\/iframe><\/div>\n                  <\/div>\n                <\/div>\n              <\/div>\n            <\/div>\n          <\/div>\n        <\/div>\n      <\/div>\n    <\/div>\n  <\/div>\n  <div data-colibri-component=\"section\" data-colibri-id=\"767-c7\" id=\"blog\" class=\"h-section h-section-global-spacing d-flex align-items-lg-center align-items-md-center align-items-center style-222 style-local-767-c7 position-relative\">\n    <!---->\n    <!---->\n    <div class=\"h-section-grid-container h-section-boxed-container\">\n      <div data-colibri-id=\"767-c21\" class=\"h-row-container gutters-row-lg-2 gutters-row-md-2 gutters-row-2 gutters-row-v-lg-2 gutters-row-v-md-2 gutters-row-v-2 style-236 style-local-767-c21 position-relative\">\n        <!---->\n        <div class=\"h-row justify-content-lg-center justify-content-md-center justify-content-center align-items-lg-stretch align-items-md-stretch align-items-stretch gutters-col-lg-2 gutters-col-md-2 gutters-col-2 gutters-col-v-lg-2 gutters-col-v-md-2 gutters-col-v-2\">\n          <!---->\n          <div class=\"h-column h-column-container d-flex h-col-lg-auto h-col-md-auto h-col-auto style-237-outer style-local-767-c22-outer\">\n            <div data-colibri-id=\"767-c22\" class=\"d-flex h-flex-basis h-column__inner h-px-lg-2 h-px-md-2 h-px-2 v-inner-lg-2 v-inner-md-2 v-inner-2 style-237 style-local-767-c22 position-relative\">\n              <!---->\n              <!---->\n              <div class=\"w-100 h-y-container h-column__content h-column__v-align flex-basis-100 align-self-lg-start align-self-md-start align-self-start\">\n                <!---->\n                <div data-colibri-id=\"767-c23\" class=\"h-global-transition-all h-heading style-238 style-local-767-c23 position-relative h-element\">\n                  <!---->\n                  <div class=\"h-heading__outer style-238 style-local-767-c23\">\n                    <!---->\n                    <!---->\n                    <h4 class=\"\">.<\/h4>\n                  <\/div>\n                <\/div>\n                <div data-colibri-id=\"767-c24\" class=\"h-lead h-text h-text-component style-239 style-local-767-c24 position-relative h-element\">\n                  <!---->\n                  <!---->\n                  <div class=\"\">\n                    <p>Encuentra aqu\u00ed los \u00faltimos reviews y noticias acerca de equipamiento audiovisual, eventos e informaci\u00f3n relevante en la industria.<\/p>\n                  <\/div>\n                <\/div>\n              <\/div>\n            <\/div>\n          <\/div>\n        <\/div>\n      <\/div>\n      <div data-colibri-id=\"767-c8\" class=\"h-row-container gutters-row-lg-0 gutters-row-md-0 gutters-row-0 gutters-row-v-lg-0 gutters-row-v-md-0 gutters-row-v-0 style-223 style-local-767-c8 position-relative\">\n        <!---->\n        <div class=\"h-row justify-content-lg-center justify-content-md-center justify-content-center align-items-lg-stretch align-items-md-stretch align-items-stretch gutters-col-lg-0 gutters-col-md-0 gutters-col-0 gutters-col-v-lg-0 gutters-col-v-md-0 gutters-col-v-0\">\n          <!---->\n          <div class=\"h-column h-column-container d-flex h-col-lg-auto h-col-md-auto h-col-auto style-224-outer style-local-767-c9-outer\">\n            <div data-colibri-id=\"767-c9\" class=\"d-flex h-flex-basis h-column__inner h-px-lg-0 h-px-md-0 h-px-0 v-inner-lg-0 v-inner-md-0 v-inner-0 style-224 style-local-767-c9 position-relative\">\n              <!---->\n              <!---->\n              <div class=\"w-100 h-y-container h-column__content h-column__v-align flex-basis-100 align-self-lg-start align-self-md-start align-self-start\">\n                <!---->\n                <div data-colibri-id=\"767-c10\" class=\"h-row-container gutters-row-lg-2 gutters-row-md-2 gutters-row-2 gutters-row-v-lg-2 gutters-row-v-md-2 gutters-row-v-2 colibri-dynamic-list style-225 style-local-767-c10 position-relative\">\n                  <!---->\n                  <div data-colibri-component=\"\" class=\"h-row justify-content-lg-start justify-content-md-start justify-content-start align-items-lg-stretch align-items-md-stretch align-items-stretch gutters-col-lg-2 gutters-col-md-2 gutters-col-2 gutters-col-v-lg-2 gutters-col-v-md-2 gutters-col-v-2 style-225-row style-local-767-c10-row\">\n                    <!---->\n        <div    class=\"h-column h-column-container d-flex h-col-lg-4 h-col-md-6 h-col-12 post-1035 post type-post status-publish format-standard has-post-thumbnail hentry category-sin-categoria masonry-item style-226-outer style-local-767-c11-outer\"  ><div   data-colibri-id=\"767-c11\" class=\"d-flex h-flex-basis h-column__inner h-px-lg-2 h-px-md-2 h-px-2 v-inner-lg-2 v-inner-md-2 v-inner-2 style-226 style-local-767-c11 h-overflow-hidden position-relative\"><!&#8212;-><!&#8212;-> <div  class=\"w-100 h-y-container h-column__content h-column__v-align flex-basis-100 align-self-lg-start align-self-md-start align-self-start\"><!&#8212;-> <div   data-href=\"https:\/\/checkthegate.cl\/?p=1035\" data-colibri-component=\"link\"  data-colibri-id=\"767-c12\" class=\"colibri-post-thumbnail colibri-post-has-thumbnail colibri-post-thumbnail-has-placeholder style-227 style-local-767-c12 h-overflow-hidden position-relative h-element\"  ><!&#8212;-><div   class=\"h-global-transition-all colibri-post-thumbnail-shortcode style-dynamic-767-c12-height\">            <a href=\"https:\/\/checkthegate.cl\/?p=1035\" title=\"La nueva sorpresa HDMI de Accsoon\">\n\t\t\t\t<img loading=\"lazy\" decoding=\"async\" width=\"2560\" height=\"700\" src=\"https:\/\/checkthegate.cl\/wp-content\/uploads\/2022\/10\/BANER-HE-scaled.jpg\" class=\"attachment-post-thumbnail size-post-thumbnail wp-post-image\" alt=\"\" srcset=\"https:\/\/checkthegate.cl\/wp-content\/uploads\/2022\/10\/BANER-HE-scaled.jpg 2560w, https:\/\/checkthegate.cl\/wp-content\/uploads\/2022\/10\/BANER-HE-300x82.jpg 300w, https:\/\/checkthegate.cl\/wp-content\/uploads\/2022\/10\/BANER-HE-1024x280.jpg 1024w, https:\/\/checkthegate.cl\/wp-content\/uploads\/2022\/10\/BANER-HE-768x210.jpg 768w, https:\/\/checkthegate.cl\/wp-content\/uploads\/2022\/10\/BANER-HE-1536x420.jpg 1536w, https:\/\/checkthegate.cl\/wp-content\/uploads\/2022\/10\/BANER-HE-2048x560.jpg 2048w, https:\/\/checkthegate.cl\/wp-content\/uploads\/2022\/10\/BANER-HE-600x164.jpg 600w\" sizes=\"auto, (max-width: 2560px) 100vw, 2560px\" \/>            <\/a>\n\t\t\t<\/div> <div  class=\"colibri-post-thumbnail-content align-items-lg-center align-items-md-center align-items-center flex-basis-100\"><div  class=\"w-100 h-y-container\"><!&#8212;-> <\/div><\/div><\/div><div   data-colibri-id=\"767-c13\" class=\"h-row-container gutters-row-lg-0 gutters-row-md-0 gutters-row-2 gutters-row-v-lg-0 gutters-row-v-md-0 gutters-row-v-0 style-228 style-local-767-c13 position-relative\"  ><!&#8212;-><div class=\"h-row justify-content-lg-center justify-content-md-center justify-content-center align-items-lg-stretch align-items-md-stretch align-items-stretch gutters-col-lg-0 gutters-col-md-0 gutters-col-2 gutters-col-v-lg-0 gutters-col-v-md-0 gutters-col-v-0\"><!&#8212;-> <div   class=\"h-column h-column-container d-flex h-col-lg h-col-md h-col-auto style-229-outer style-local-767-c14-outer\"  ><div  data-colibri-id=\"767-c14\" class=\"d-flex h-flex-basis h-column__inner h-px-lg-3 h-px-md-3 h-px-3 v-inner-lg-3 v-inner-md-3 v-inner-3 style-229 style-local-767-c14 position-relative\"><!&#8212;-><!&#8212;-> <div class=\"w-100 h-y-container h-column__content h-column__v-align flex-basis-100 align-self-lg-start align-self-md-start align-self-start\"><!&#8212;-> <div   data-colibri-id=\"767-c15\" class=\"h-blog-categories style-230 style-local-767-c15 position-relative h-element\"  ><!&#8212;-><div  class=\"h-global-transition-all\"><a class=\"d-inline-block colibri-post-category\" href=\"https:\/\/checkthegate.cl\/?cat=1\">Check the Gate<\/a><\/div><\/div><div   data-colibri-id=\"767-c16\" class=\"h-blog-title style-231 style-local-767-c16 position-relative h-element\"  ><!&#8212;-><div  class=\"h-global-transition-all\"><a href=\"https:\/\/checkthegate.cl\/?p=1035\"><h4 class=\"colibri-word-wrap\">La nueva sorpresa HDMI de Accsoon<\/h4><\/a><\/div><\/div><div   data-colibri-id=\"767-c17\" class=\"h-blog-meta style-232 style-local-767-c17 position-relative h-element\"  ><!&#8212;-><div name=\"1\" class=\"metadata-item\"><span class=\"metadata-prefix\">by<\/span> <a href=\"https:\/\/checkthegate.cl\/?author=1\"><!&#8212;->Administrador<\/a> <span class=\"meta-separator\"><\/span><\/div><div name=\"2\" class=\"metadata-item\"><span class=\"metadata-prefix\">on<\/span> <a href=\"https:\/\/checkthegate.cl\/?m=20221012\"><!&#8212;->Oct 12<\/a><\/div><!&#8212;-><!&#8212;-><\/div><div   data-colibri-id=\"767-c18\" class=\"style-233 style-local-767-c18 position-relative h-element\"  ><!&#8212;-><div  class=\"h-global-transition-all\"><div class=\"colibri-post-excerpt\">La empresa fabricante de equipos audiovisuales Accsoon Technology, nos sorprende nuevamente para [&hellip;]<\/div><\/div><\/div><div    data-colibri-id=\"767-c19\" class=\"h-x-container style-234 style-local-767-c19 position-relative h-element\"  ><!&#8212;-><div   class=\"h-x-container-inner style-dynamic-767-c19-group\"><!&#8212;-><span   class=\"h-button__outer style-235-outer style-local-767-c20-outer d-inline-flex h-element\"    ><a  h-use-smooth-scroll=\"true\" href=\"https:\/\/checkthegate.cl\/?p=1035\"  data-colibri-id=\"767-c20\" class=\"d-flex w-100 align-items-center h-button justify-content-lg-center justify-content-md-center justify-content-center style-235 style-local-767-c20 position-relative\"><!&#8212;-><!&#8212;-> <span >Read more<\/span> <span  class=\"h-svg-icon h-button__icon style-235-icon style-local-767-c20-icon\"><!&#8211;Icon by Icons8 Line Awesome (https:\/\/icons8.com\/line-awesome)&#8211;><svg version=\"1.1\" xmlns=\"http:\/\/www.w3.org\/2000\/svg\" xmlns:xlink=\"http:\/\/www.w3.org\/1999\/xlink\" id=\"arrow-right\" viewBox=\"0 0 512 545.5\"><path d=\"M299.5 140.5l136 136 11 11.5-11 11.5-136 136-23-23L385 304H64v-32h321L276.5 163.5z\"><\/path><\/svg><\/span><\/a><\/span><\/div><\/div><\/div><\/div><\/div><\/div><\/div><\/div><\/div><\/div>\n      \n      \n        <div    class=\"h-column h-column-container d-flex h-col-lg-4 h-col-md-6 h-col-12 post-1005 post type-post status-publish format-standard has-post-thumbnail hentry category-sin-categoria masonry-item style-226-outer style-local-767-c11-outer\"  ><div   data-colibri-id=\"767-c11\" class=\"d-flex h-flex-basis h-column__inner h-px-lg-2 h-px-md-2 h-px-2 v-inner-lg-2 v-inner-md-2 v-inner-2 style-226 style-local-767-c11 h-overflow-hidden position-relative\"><!&#8212;-><!&#8212;-> <div  class=\"w-100 h-y-container h-column__content h-column__v-align flex-basis-100 align-self-lg-start align-self-md-start align-self-start\"><!&#8212;-> <div   data-href=\"https:\/\/checkthegate.cl\/?p=1005\" data-colibri-component=\"link\"  data-colibri-id=\"767-c12\" class=\"colibri-post-thumbnail colibri-post-has-thumbnail colibri-post-thumbnail-has-placeholder style-227 style-local-767-c12 h-overflow-hidden position-relative h-element\"  ><!&#8212;-><div   class=\"h-global-transition-all colibri-post-thumbnail-shortcode style-dynamic-767-c12-height\">            <a href=\"https:\/\/checkthegate.cl\/?p=1005\" title=\"Review del Accsoon CineView y F-C01\">\n\t\t\t\t<img loading=\"lazy\" decoding=\"async\" width=\"2560\" height=\"700\" src=\"https:\/\/checkthegate.cl\/wp-content\/uploads\/2022\/10\/baner-2-scaled.jpg\" class=\"attachment-post-thumbnail size-post-thumbnail wp-post-image\" alt=\"\" srcset=\"https:\/\/checkthegate.cl\/wp-content\/uploads\/2022\/10\/baner-2-scaled.jpg 2560w, https:\/\/checkthegate.cl\/wp-content\/uploads\/2022\/10\/baner-2-300x82.jpg 300w, https:\/\/checkthegate.cl\/wp-content\/uploads\/2022\/10\/baner-2-1024x280.jpg 1024w, https:\/\/checkthegate.cl\/wp-content\/uploads\/2022\/10\/baner-2-768x210.jpg 768w, https:\/\/checkthegate.cl\/wp-content\/uploads\/2022\/10\/baner-2-1536x420.jpg 1536w, https:\/\/checkthegate.cl\/wp-content\/uploads\/2022\/10\/baner-2-2048x560.jpg 2048w, https:\/\/checkthegate.cl\/wp-content\/uploads\/2022\/10\/baner-2-600x164.jpg 600w\" sizes=\"auto, (max-width: 2560px) 100vw, 2560px\" \/>            <\/a>\n\t\t\t<\/div> <div  class=\"colibri-post-thumbnail-content align-items-lg-center align-items-md-center align-items-center flex-basis-100\"><div  class=\"w-100 h-y-container\"><!&#8212;-> <\/div><\/div><\/div><div   data-colibri-id=\"767-c13\" class=\"h-row-container gutters-row-lg-0 gutters-row-md-0 gutters-row-2 gutters-row-v-lg-0 gutters-row-v-md-0 gutters-row-v-0 style-228 style-local-767-c13 position-relative\"  ><!&#8212;-><div class=\"h-row justify-content-lg-center justify-content-md-center justify-content-center align-items-lg-stretch align-items-md-stretch align-items-stretch gutters-col-lg-0 gutters-col-md-0 gutters-col-2 gutters-col-v-lg-0 gutters-col-v-md-0 gutters-col-v-0\"><!&#8212;-> <div   class=\"h-column h-column-container d-flex h-col-lg h-col-md h-col-auto style-229-outer style-local-767-c14-outer\"  ><div  data-colibri-id=\"767-c14\" class=\"d-flex h-flex-basis h-column__inner h-px-lg-3 h-px-md-3 h-px-3 v-inner-lg-3 v-inner-md-3 v-inner-3 style-229 style-local-767-c14 position-relative\"><!&#8212;-><!&#8212;-> <div class=\"w-100 h-y-container h-column__content h-column__v-align flex-basis-100 align-self-lg-start align-self-md-start align-self-start\"><!&#8212;-> <div   data-colibri-id=\"767-c15\" class=\"h-blog-categories style-230 style-local-767-c15 position-relative h-element\"  ><!&#8212;-><div  class=\"h-global-transition-all\"><a class=\"d-inline-block colibri-post-category\" href=\"https:\/\/checkthegate.cl\/?cat=1\">Check the Gate<\/a><\/div><\/div><div   data-colibri-id=\"767-c16\" class=\"h-blog-title style-231 style-local-767-c16 position-relative h-element\"  ><!&#8212;-><div  class=\"h-global-transition-all\"><a href=\"https:\/\/checkthegate.cl\/?p=1005\"><h4 class=\"colibri-word-wrap\">Review del Accsoon CineView y F-C01<\/h4><\/a><\/div><\/div><div   data-colibri-id=\"767-c17\" class=\"h-blog-meta style-232 style-local-767-c17 position-relative h-element\"  ><!&#8212;-><div name=\"1\" class=\"metadata-item\"><span class=\"metadata-prefix\">by<\/span> <a href=\"https:\/\/checkthegate.cl\/?author=1\"><!&#8212;->Administrador<\/a> <span class=\"meta-separator\"><\/span><\/div><div name=\"2\" class=\"metadata-item\"><span class=\"metadata-prefix\">on<\/span> <a href=\"https:\/\/checkthegate.cl\/?m=20221012\"><!&#8212;->Oct 12<\/a><\/div><!&#8212;-><!&#8212;-><\/div><div   data-colibri-id=\"767-c18\" class=\"style-233 style-local-767-c18 position-relative h-element\"  ><!&#8212;-><div  class=\"h-global-transition-all\"><div class=\"colibri-post-excerpt\">En Check the Gate tuvimos el privilegio de poder revisar los dos [&hellip;]<\/div><\/div><\/div><div    data-colibri-id=\"767-c19\" class=\"h-x-container style-234 style-local-767-c19 position-relative h-element\"  ><!&#8212;-><div   class=\"h-x-container-inner style-dynamic-767-c19-group\"><!&#8212;-><span   class=\"h-button__outer style-235-outer style-local-767-c20-outer d-inline-flex h-element\"    ><a  h-use-smooth-scroll=\"true\" href=\"https:\/\/checkthegate.cl\/?p=1005\"  data-colibri-id=\"767-c20\" class=\"d-flex w-100 align-items-center h-button justify-content-lg-center justify-content-md-center justify-content-center style-235 style-local-767-c20 position-relative\"><!&#8212;-><!&#8212;-> <span >Read more<\/span> <span  class=\"h-svg-icon h-button__icon style-235-icon style-local-767-c20-icon\"><!&#8211;Icon by Icons8 Line Awesome (https:\/\/icons8.com\/line-awesome)&#8211;><svg version=\"1.1\" xmlns=\"http:\/\/www.w3.org\/2000\/svg\" xmlns:xlink=\"http:\/\/www.w3.org\/1999\/xlink\" id=\"arrow-right\" viewBox=\"0 0 512 545.5\"><path d=\"M299.5 140.5l136 136 11 11.5-11 11.5-136 136-23-23L385 304H64v-32h321L276.5 163.5z\"><\/path><\/svg><\/span><\/a><\/span><\/div><\/div><\/div><\/div><\/div><\/div><\/div><\/div><\/div><\/div>\n      \n      \n        <div    class=\"h-column h-column-container d-flex h-col-lg-4 h-col-md-6 h-col-12 post-1 post type-post status-publish format-standard has-post-thumbnail hentry category-sin-categoria masonry-item style-226-outer style-local-767-c11-outer\"  ><div   data-colibri-id=\"767-c11\" class=\"d-flex h-flex-basis h-column__inner h-px-lg-2 h-px-md-2 h-px-2 v-inner-lg-2 v-inner-md-2 v-inner-2 style-226 style-local-767-c11 h-overflow-hidden position-relative\"><!&#8212;-><!&#8212;-> <div  class=\"w-100 h-y-container h-column__content h-column__v-align flex-basis-100 align-self-lg-start align-self-md-start align-self-start\"><!&#8212;-> <div   data-href=\"https:\/\/checkthegate.cl\/?p=1\" data-colibri-component=\"link\"  data-colibri-id=\"767-c12\" class=\"colibri-post-thumbnail colibri-post-has-thumbnail colibri-post-thumbnail-has-placeholder style-227 style-local-767-c12 h-overflow-hidden position-relative h-element\"  ><!&#8212;-><div   class=\"h-global-transition-all colibri-post-thumbnail-shortcode style-dynamic-767-c12-height\">            <a href=\"https:\/\/checkthegate.cl\/?p=1\" title=\"Elaboramos contenido educativo!\">\n\t\t\t\t<img loading=\"lazy\" decoding=\"async\" width=\"1800\" height=\"1050\" src=\"https:\/\/checkthegate.cl\/wp-content\/uploads\/2021\/08\/VIETNAM-FILM-PRODUCTION-LOCATIONS.jpeg\" class=\"attachment-post-thumbnail size-post-thumbnail wp-post-image\" alt=\"\" srcset=\"https:\/\/checkthegate.cl\/wp-content\/uploads\/2021\/08\/VIETNAM-FILM-PRODUCTION-LOCATIONS.jpeg 1800w, https:\/\/checkthegate.cl\/wp-content\/uploads\/2021\/08\/VIETNAM-FILM-PRODUCTION-LOCATIONS-300x175.jpeg 300w, https:\/\/checkthegate.cl\/wp-content\/uploads\/2021\/08\/VIETNAM-FILM-PRODUCTION-LOCATIONS-1024x597.jpeg 1024w, https:\/\/checkthegate.cl\/wp-content\/uploads\/2021\/08\/VIETNAM-FILM-PRODUCTION-LOCATIONS-768x448.jpeg 768w, https:\/\/checkthegate.cl\/wp-content\/uploads\/2021\/08\/VIETNAM-FILM-PRODUCTION-LOCATIONS-1536x896.jpeg 1536w, https:\/\/checkthegate.cl\/wp-content\/uploads\/2021\/08\/VIETNAM-FILM-PRODUCTION-LOCATIONS-600x350.jpeg 600w\" sizes=\"auto, (max-width: 1800px) 100vw, 1800px\" \/>            <\/a>\n\t\t\t<\/div> <div  class=\"colibri-post-thumbnail-content align-items-lg-center align-items-md-center align-items-center flex-basis-100\"><div  class=\"w-100 h-y-container\"><!&#8212;-> <\/div><\/div><\/div><div   data-colibri-id=\"767-c13\" class=\"h-row-container gutters-row-lg-0 gutters-row-md-0 gutters-row-2 gutters-row-v-lg-0 gutters-row-v-md-0 gutters-row-v-0 style-228 style-local-767-c13 position-relative\"  ><!&#8212;-><div class=\"h-row justify-content-lg-center justify-content-md-center justify-content-center align-items-lg-stretch align-items-md-stretch align-items-stretch gutters-col-lg-0 gutters-col-md-0 gutters-col-2 gutters-col-v-lg-0 gutters-col-v-md-0 gutters-col-v-0\"><!&#8212;-> <div   class=\"h-column h-column-container d-flex h-col-lg h-col-md h-col-auto style-229-outer style-local-767-c14-outer\"  ><div  data-colibri-id=\"767-c14\" class=\"d-flex h-flex-basis h-column__inner h-px-lg-3 h-px-md-3 h-px-3 v-inner-lg-3 v-inner-md-3 v-inner-3 style-229 style-local-767-c14 position-relative\"><!&#8212;-><!&#8212;-> <div class=\"w-100 h-y-container h-column__content h-column__v-align flex-basis-100 align-self-lg-start align-self-md-start align-self-start\"><!&#8212;-> <div   data-colibri-id=\"767-c15\" class=\"h-blog-categories style-230 style-local-767-c15 position-relative h-element\"  ><!&#8212;-><div  class=\"h-global-transition-all\"><a class=\"d-inline-block colibri-post-category\" href=\"https:\/\/checkthegate.cl\/?cat=1\">Check the Gate<\/a><\/div><\/div><div   data-colibri-id=\"767-c16\" class=\"h-blog-title style-231 style-local-767-c16 position-relative h-element\"  ><!&#8212;-><div  class=\"h-global-transition-all\"><a href=\"https:\/\/checkthegate.cl\/?p=1\"><h4 class=\"colibri-word-wrap\">Elaboramos contenido educativo!<\/h4><\/a><\/div><\/div><div   data-colibri-id=\"767-c17\" class=\"h-blog-meta style-232 style-local-767-c17 position-relative h-element\"  ><!&#8212;-><div name=\"1\" class=\"metadata-item\"><span class=\"metadata-prefix\">by<\/span> <a href=\"https:\/\/checkthegate.cl\/?author=1\"><!&#8212;->Administrador<\/a> <span class=\"meta-separator\"><\/span><\/div><div name=\"2\" class=\"metadata-item\"><span class=\"metadata-prefix\">on<\/span> <a href=\"https:\/\/checkthegate.cl\/?m=20210805\"><!&#8212;->Ago 5<\/a><\/div><!&#8212;-><!&#8212;-><\/div><div   data-colibri-id=\"767-c18\" class=\"style-233 style-local-767-c18 position-relative h-element\"  ><!&#8212;-><div  class=\"h-global-transition-all\"><div class=\"colibri-post-excerpt\">Bienvenidxs a Check the Gate. Esta es una tienda audiovisual fundada por [&hellip;]<\/div><\/div><\/div><div    data-colibri-id=\"767-c19\" class=\"h-x-container style-234 style-local-767-c19 position-relative h-element\"  ><!&#8212;-><div   class=\"h-x-container-inner style-dynamic-767-c19-group\"><!&#8212;-><span   class=\"h-button__outer style-235-outer style-local-767-c20-outer d-inline-flex h-element\"    ><a  h-use-smooth-scroll=\"true\" href=\"https:\/\/checkthegate.cl\/?p=1\"  data-colibri-id=\"767-c20\" class=\"d-flex w-100 align-items-center h-button justify-content-lg-center justify-content-md-center justify-content-center style-235 style-local-767-c20 position-relative\"><!&#8212;-><!&#8212;-> <span >Read more<\/span> <span  class=\"h-svg-icon h-button__icon style-235-icon style-local-767-c20-icon\"><!&#8211;Icon by Icons8 Line Awesome (https:\/\/icons8.com\/line-awesome)&#8211;><svg version=\"1.1\" xmlns=\"http:\/\/www.w3.org\/2000\/svg\" xmlns:xlink=\"http:\/\/www.w3.org\/1999\/xlink\" id=\"arrow-right\" viewBox=\"0 0 512 545.5\"><path d=\"M299.5 140.5l136 136 11 11.5-11 11.5-136 136-23-23L385 304H64v-32h321L276.5 163.5z\"><\/path><\/svg><\/span><\/a><\/span><\/div><\/div><\/div><\/div><\/div><\/div><\/div><\/div><\/div><\/div>\n      \n      \n                    <\/div>\n                <\/div>\n              <\/div>\n            <\/div>\n          <\/div>\n        <\/div>\n      <\/div>\n    <\/div>\n  <\/div>\n<\/div>","protected":false},"excerpt":{"rendered":"<p>. Encuentra aqu\u00ed los \u00faltimos reviews y noticias acerca de equipamiento audiovisual, [&hellip;]<\/p>\n","protected":false},"author":1,"featured_media":0,"parent":0,"menu_order":0,"comment_status":"closed","ping_status":"closed","template":"page-templates\/homepage.php","meta":{"om_disable_all_campaigns":false,"_monsterinsights_skip_tracking":false,"_monsterinsights_sitenote_active":false,"_monsterinsights_sitenote_note":"","_monsterinsights_sitenote_category":0,"footnotes":""},"class_list":["post-767","page","type-page","status-publish","hentry"],"aioseo_notices":[],"_links":{"self":[{"href":"https:\/\/checkthegate.cl\/index.php?rest_route=\/wp\/v2\/pages\/767","targetHints":{"allow":["GET"]}}],"collection":[{"href":"https:\/\/checkthegate.cl\/index.php?rest_route=\/wp\/v2\/pages"}],"about":[{"href":"https:\/\/checkthegate.cl\/index.php?rest_route=\/wp\/v2\/types\/page"}],"author":[{"embeddable":true,"href":"https:\/\/checkthegate.cl\/index.php?rest_route=\/wp\/v2\/users\/1"}],"replies":[{"embeddable":true,"href":"https:\/\/checkthegate.cl\/index.php?rest_route=%2Fwp%2Fv2%2Fcomments&post=767"}],"version-history":[{"count":20,"href":"https:\/\/checkthegate.cl\/index.php?rest_route=\/wp\/v2\/pages\/767\/revisions"}],"predecessor-version":[{"id":1548,"href":"https:\/\/checkthegate.cl\/index.php?rest_route=\/wp\/v2\/pages\/767\/revisions\/1548"}],"wp:attachment":[{"href":"https:\/\/checkthegate.cl\/index.php?rest_route=%2Fwp%2Fv2%2Fmedia&parent=767"}],"curies":[{"name":"wp","href":"https:\/\/api.w.org\/{rel}","templated":true}]}}